{"id":5283,"date":"2012-10-03T23:50:29","date_gmt":"2012-10-03T21:50:29","guid":{"rendered":"http:\/\/asbaeck.at\/?page_id=5283"},"modified":"2012-10-04T09:31:15","modified_gmt":"2012-10-04T07:31:15","slug":"setting","status":"publish","type":"page","link":"https:\/\/asbaeck.at\/praxis\/therapie\/setting\/","title":{"rendered":"Setting"},"content":{"rendered":"<div class=\"one_half\"><p>Verhaltenstherapie wird haupts\u00e4chlich im Einzelsetting durchgef\u00fchrt; es sind aber auch Paar-, Familien- und Gruppentherapien m\u00f6glich. H\u00e4ufigkeit und Intensit\u00e4t variieren nach Bedarf.<\/p>\n<p>Die Therapien werden manchmal in der realen Lebensumgebung der Klientin bzw. des Klienten durchgef\u00fchrt, insbesondere bei Angstst\u00f6rungen und Zwangsst\u00f6rungen.<\/p>\n<p>Die Dauer variiert zwischen 20 und 50 Stunden, bei schweren Problemen sind auch l\u00e4ngere Therapien m\u00f6glich.<\/p>\n<\/div><div class=\"one_half_last\"><div class=\"modern_img_frame modern_portrait_thumb\"><div class=\"modern_preload_portrait_thumb\"><div class=\"attachment-fadeIn\"><img src='https:\/\/asbaeck.at\/praxis\/wp-content\/themes\/Karma\/truethemes_framework\/extended\/timthumb\/timthumb.php?src=https:\/\/asbaeck.at\/praxis\/wp-content\/uploads\/sesselkreis.jpg&amp;h=355&amp;w=275' alt='' \/><\/div><\/div><\/div><!-- end img_frame --><p>\u2028<\/p>\n<\/div><br class=\"clear\" \/>","protected":false},"excerpt":{"rendered":"","protected":false},"author":4,"featured_media":0,"parent":5172,"menu_order":0,"comment_status":"closed","ping_status":"closed","template":"template_leftnav.php","meta":{"footnotes":""},"class_list":["post-5283","page","type-page","status-publish","hentry"],"_links":{"self":[{"href":"https:\/\/asbaeck.at\/praxis\/wp-json\/wp\/v2\/pages\/5283","targetHints":{"allow":["GET"]}}],"collection":[{"href":"https:\/\/asbaeck.at\/praxis\/wp-json\/wp\/v2\/pages"}],"about":[{"href":"https:\/\/asbaeck.at\/praxis\/wp-json\/wp\/v2\/types\/page"}],"author":[{"embeddable":true,"href":"https:\/\/asbaeck.at\/praxis\/wp-json\/wp\/v2\/users\/4"}],"replies":[{"embeddable":true,"href":"https:\/\/asbaeck.at\/praxis\/wp-json\/wp\/v2\/comments?post=5283"}],"version-history":[{"count":5,"href":"https:\/\/asbaeck.at\/praxis\/wp-json\/wp\/v2\/pages\/5283\/revisions"}],"predecessor-version":[{"id":5310,"href":"https:\/\/asbaeck.at\/praxis\/wp-json\/wp\/v2\/pages\/5283\/revisions\/5310"}],"up":[{"embeddable":true,"href":"https:\/\/asbaeck.at\/praxis\/wp-json\/wp\/v2\/pages\/5172"}],"wp:attachment":[{"href":"https:\/\/asbaeck.at\/praxis\/wp-json\/wp\/v2\/media?parent=5283"}],"curies":[{"name":"wp","href":"https:\/\/api.w.org\/{rel}","templated":true}]}}