{"id":5276,"date":"2012-10-03T23:48:08","date_gmt":"2012-10-03T21:48:08","guid":{"rendered":"http:\/\/asbaeck.at\/?page_id=5276"},"modified":"2012-10-03T23:48:08","modified_gmt":"2012-10-03T21:48:08","slug":"die-schulen-der-psychotherapie","status":"publish","type":"page","link":"https:\/\/asbaeck.at\/praxis\/therapie\/die-schulen-der-psychotherapie\/","title":{"rendered":"Die Schulen der Psychotherapie"},"content":{"rendered":"<p>Es gibt verschiedene psychotherapeutische Methoden und damit nicht nur eine Art von Psychotherapie. Im Zentrum stehen aber in allen Psychotherapien das Gespr\u00e4ch und der Austausch mit der Psychotherapeutin bzw. dem Psychotherapeuten. Je nach psychotherapeutischer Methode kann dieser Austausch durch \u00dcbungen unterst\u00fctzt und gef\u00f6rdert werden.<\/p>\n<p>&nbsp;<\/p>\n<p>Wichtig f\u00fcr die Auswahl einer Methode ist Ihre grunds\u00e4tzliche Bereitschaft, auf diese Weise zu arbeiten, z. B. im Sitzen oder Liegen, unterst\u00fctzt durch \u00dcbungen usw. wie auch Ihr Therapieziel. Ebenso wesentlich wie die psychotherapeutische Methode ist die Psychotherapeutin bzw. der Psychotherapeut als Person, da die psychotherapeutische Beziehung eine der wichtigsten Bedingungen in der Psychotherapie ist. Sie sollten die Psychotherapie daher mit einer Person durchf\u00fchren, die Ihnen sympathisch ist und zu der Sie Vertrauen haben k\u00f6nnen.<\/p>\n<p>Manchmal kann es sinnvoll sein, eine Psychotherapeutin oder einen Psychotherapeuten aufzusuchen, die bzw. der sich schwerpunktm\u00e4\u00dfig mit einer bestimmten Problematik befasst und daher Erfahrungen in diesem Bereich hat. Ausk\u00fcnfte \u00fcber die Spezialisierung der Psychotherapeutinnen und Psychotherapeuten geben die Informationsstellen f\u00fcr Psychotherapie, und nicht zuletzt nat\u00fcrlich auch die Psychotherapeutinnen und Psychotherapeuten selbst.<\/p>\n<p>&nbsp;<\/p>\n<p>Derzeit sind folgende psychotherapeutische Methoden in \u00d6sterreich anerkannt:<\/p>\n<p>&nbsp;<\/p>\n<p>Analytische Psychologie<br \/>\nAutogene Psychotherapie<\/p>\n<p>Daseinsanalyse<br \/>\nDynamische Gruppenpsychotherapie<\/p>\n<p>Existenzanalyse<\/p>\n<p>Existenzanalyse und Logotherapie<\/p>\n<p>Gestalttheoretische Psychotherapie<\/p>\n<p>Gruppenpsychoanalyse<\/p>\n<p>Hypnosepsychotherapie<\/p>\n<p>Individualpsychologie<\/p>\n<p>Integrative Gestalttherapie<\/p>\n<p>Integrative Therapie<br \/>\nKatathym Imaginative Psychotherapie<\/p>\n<p>Klientenzentrierte Psychotherapie<\/p>\n<p>Konzentrative Bewegungstherapie<\/p>\n<p>Neurolinguistische Psychotherapie<\/p>\n<p>Personenzentrierte Psychotherapie<\/p>\n<p>Psychoanalyse<br \/>\nPsychodrama<\/p>\n<p>Systemische Familientherapie<br \/>\nTransaktionsanalytische Psychotherapie<\/p>\n<p>Verhaltenstherapie<\/p>\n<p>Eine kurze Beschreibung der anerkannten psychotherapeutischen Methoden soll Ihnen eine Vorstellung \u00fcber deren Arbeitsweisen vermitteln. Wenig Unterschiede gibt es hinsichtlich der angebotenen Settings: In fast allen psychotherapeutischen Methoden k\u00f6nnen Sie eine Einzel- oder Gruppentherapie durchf\u00fchren, h\u00e4ufig werden auch Paar- und Familientherapien angeboten. Diese finden Sie unter:<\/p>\n<p><a href=\"http:\/\/www.bmgf.gv.at\/home\/Schwerpunkte\/Krankheiten\/Psychische_Gesundheit\/Psychotherapie_wenn_die_Seele_Hilfe_braucht\">http:\/\/www.bmgf.gv.at\/home\/Schwerpunkte\/Krankheiten\/Psychische_Gesundheit\/Psychotherapie_wenn_die_Seele_Hilfe_braucht<\/a><\/p>\n","protected":false},"excerpt":{"rendered":"<p>Es gibt verschiedene psychotherapeutische Methoden und damit nicht nur eine Art von Psychotherapie. Im Zentrum stehen aber in allen Psychotherapien das Gespr\u00e4ch und der Austausch mit der Psychotherapeutin bzw. dem Psychotherapeuten. Je nach psychotherapeutischer Methode kann dieser Austausch durch \u00dcbungen unterst\u00fctzt und gef\u00f6rdert werden.<br \/>\n&nbsp;<br \/>\nWichtig f\u00fcr die Auswahl einer Methode ist Ihre grunds\u00e4tzliche Bereitschaft, auf diese Weise zu arbeiten, z. B. im Sitzen oder Liegen, unterst\u00fctzt durch \u00dcbungen usw. wie auch Ihr Therapieziel. Ebenso wesentlich wie die psychotherapeutische Methode &#8230;<\/p>\n","protected":false},"author":4,"featured_media":0,"parent":5172,"menu_order":0,"comment_status":"closed","ping_status":"closed","template":"template_leftnav.php","meta":{"footnotes":""},"class_list":["post-5276","page","type-page","status-publish","hentry"],"_links":{"self":[{"href":"https:\/\/asbaeck.at\/praxis\/wp-json\/wp\/v2\/pages\/5276","targetHints":{"allow":["GET"]}}],"collection":[{"href":"https:\/\/asbaeck.at\/praxis\/wp-json\/wp\/v2\/pages"}],"about":[{"href":"https:\/\/asbaeck.at\/praxis\/wp-json\/wp\/v2\/types\/page"}],"author":[{"embeddable":true,"href":"https:\/\/asbaeck.at\/praxis\/wp-json\/wp\/v2\/users\/4"}],"replies":[{"embeddable":true,"href":"https:\/\/asbaeck.at\/praxis\/wp-json\/wp\/v2\/comments?post=5276"}],"version-history":[{"count":1,"href":"https:\/\/asbaeck.at\/praxis\/wp-json\/wp\/v2\/pages\/5276\/revisions"}],"predecessor-version":[{"id":5277,"href":"https:\/\/asbaeck.at\/praxis\/wp-json\/wp\/v2\/pages\/5276\/revisions\/5277"}],"up":[{"embeddable":true,"href":"https:\/\/asbaeck.at\/praxis\/wp-json\/wp\/v2\/pages\/5172"}],"wp:attachment":[{"href":"https:\/\/asbaeck.at\/praxis\/wp-json\/wp\/v2\/media?parent=5276"}],"curies":[{"name":"wp","href":"https:\/\/api.w.org\/{rel}","templated":true}]}}