{"id":5273,"date":"2012-10-03T23:46:53","date_gmt":"2012-10-03T21:46:53","guid":{"rendered":"http:\/\/asbaeck.at\/?page_id=5273"},"modified":"2012-10-03T23:47:15","modified_gmt":"2012-10-03T21:47:15","slug":"hilfe-zur-selbsthilfe","status":"publish","type":"page","link":"https:\/\/asbaeck.at\/praxis\/therapie\/hilfe-zur-selbsthilfe\/","title":{"rendered":"Hilfe zur Selbsthilfe"},"content":{"rendered":"<p>Der Ablauf einer Psychotherapie ist nicht festgelegt. Wie sie verl\u00e4uft, h\u00e4ngt von der jeweiligen Pers\u00f6nlichkeit und vom Miteinander der Psychotherapeutin und Ihnen ab. Die Psychotherapeutin gibt die L\u00f6sung eines Problems nicht vor. Mit ihrem Wissen \u00fcber seelische St\u00f6rungen begleitet Sie die Psychotherapeutin bei Ihrer Entwicklung und bei Ihrer Suche nach der f\u00fcr Sie passenden Probleml\u00f6sung und Ver\u00e4nderung.<\/p>\n<p>\u00dcber das Verstandenwerden in einer vertrauensvollen Beziehung k\u00f6nnen Sie sich selbst verstehen und helfen lernen, vor allem in den Bereichen, die Sie selbst an sich ablehnen.<\/p>\n<p>Das konkrete Ziel einer Psychotherapie ist daher auch nicht vorgegeben, sondern wird zu Beginn der Behandlung zwischen Ihnen und der Psychotherapeutin besprochen. Im Laufe der Psychotherapie kann sich dieses Ziel auch wieder ver\u00e4ndern.<\/p>\n<p>Wichtige Voraussetzung f\u00fcr eine Psychotherapie ist Ihr Wunsch, etwas zu ver\u00e4ndern, und Ihre grunds\u00e4tzliche Bereitschaft, sich mit Ihren Gef\u00fchlen und Ihrem Erleben zu besch\u00e4ftigen und sich dabei unterst\u00fctzen zu lassen. Eine Altersbeschr\u00e4nkung gibt es nicht: Psychotherapie kann in jedem Lebensalter hilfreich sein.<\/p>\n<p>&nbsp;<\/p>\n","protected":false},"excerpt":{"rendered":"<p>Der Ablauf einer Psychotherapie ist nicht festgelegt. Wie sie verl\u00e4uft, h\u00e4ngt von der jeweiligen Pers\u00f6nlichkeit und vom Miteinander der Psychotherapeutin und Ihnen ab. Die Psychotherapeutin gibt die L\u00f6sung eines Problems nicht vor. Mit ihrem Wissen \u00fcber seelische St\u00f6rungen begleitet Sie die Psychotherapeutin bei Ihrer Entwicklung und bei Ihrer Suche nach der f\u00fcr Sie passenden Probleml\u00f6sung und Ver\u00e4nderung.<br \/>\n\u00dcber das Verstandenwerden in einer vertrauensvollen Beziehung k\u00f6nnen Sie sich selbst verstehen und helfen lernen, vor allem in den Bereichen, die Sie selbst &#8230;<\/p>\n","protected":false},"author":4,"featured_media":0,"parent":5172,"menu_order":0,"comment_status":"closed","ping_status":"closed","template":"template_leftnav.php","meta":{"footnotes":""},"class_list":["post-5273","page","type-page","status-publish","hentry"],"_links":{"self":[{"href":"https:\/\/asbaeck.at\/praxis\/wp-json\/wp\/v2\/pages\/5273","targetHints":{"allow":["GET"]}}],"collection":[{"href":"https:\/\/asbaeck.at\/praxis\/wp-json\/wp\/v2\/pages"}],"about":[{"href":"https:\/\/asbaeck.at\/praxis\/wp-json\/wp\/v2\/types\/page"}],"author":[{"embeddable":true,"href":"https:\/\/asbaeck.at\/praxis\/wp-json\/wp\/v2\/users\/4"}],"replies":[{"embeddable":true,"href":"https:\/\/asbaeck.at\/praxis\/wp-json\/wp\/v2\/comments?post=5273"}],"version-history":[{"count":2,"href":"https:\/\/asbaeck.at\/praxis\/wp-json\/wp\/v2\/pages\/5273\/revisions"}],"predecessor-version":[{"id":5275,"href":"https:\/\/asbaeck.at\/praxis\/wp-json\/wp\/v2\/pages\/5273\/revisions\/5275"}],"up":[{"embeddable":true,"href":"https:\/\/asbaeck.at\/praxis\/wp-json\/wp\/v2\/pages\/5172"}],"wp:attachment":[{"href":"https:\/\/asbaeck.at\/praxis\/wp-json\/wp\/v2\/media?parent=5273"}],"curies":[{"name":"wp","href":"https:\/\/api.w.org\/{rel}","templated":true}]}}