{"id":4955,"date":"2012-09-23T23:36:27","date_gmt":"2012-09-23T21:36:27","guid":{"rendered":"http:\/\/hmmc.at\/praxis\/?page_id=4955"},"modified":"2012-10-03T21:23:07","modified_gmt":"2012-10-03T19:23:07","slug":"soziale-aktivitaten-und-beziehungen","status":"publish","type":"page","link":"https:\/\/asbaeck.at\/praxis\/gesundheit\/soziale-aktivitaten-und-beziehungen\/","title":{"rendered":"Social Life"},"content":{"rendered":"<div class=\"one_half\"><div class=\"callout-wrap\"><span>\r\nWir k\u00f6nnen f\u00fcr andere da sein, andere f\u00fcr uns.\r\n<\/span><\/div><!-- end callout-wrap --><br class=\"clear\" \/>\n<p>Dieser Bereich umfasst das Leben in Beziehungen: unsere Partnerschaften, das Eingebundensein im famili\u00e4ren Kontext, unsere Aktivit\u00e4ten im Freundeskreis und mit unseren Kolleginnen und Kollegen am Arbeitsplatz.  Wir f\u00fchlen uns wahrgenommen, beantwortet, finden Trost, intellektuellen Austausch und Inspiration durch unser Gegen\u00fcber. Wir geh\u00f6ren dazu: ein wichtiges menschliches Grundbed\u00fcrfnis. Es gibt Autoren, die auf die Frage, was denn Leben sei, geantwortet haben: \u00abLeben ist in Beziehung sein\u00bb.<\/p>\n<\/div><div class=\"one_half_last\"><div class=\"modern_img_frame modern_portrait_thumb\"><div class=\"modern_preload_portrait_thumb\"><div class=\"attachment-fadeIn\"><img src='https:\/\/asbaeck.at\/praxis\/wp-content\/uploads\/love-275x355.jpg' alt='' \/><\/div><\/div><\/div><!-- end img_frame --><p>\u2028<\/p>\n<\/div><br class=\"clear\" \/><p>\u00a0<\/p>\n","protected":false},"excerpt":{"rendered":"<p>\u00a0<\/p>\n","protected":false},"author":4,"featured_media":0,"parent":4938,"menu_order":6,"comment_status":"closed","ping_status":"closed","template":"template_leftnav.php","meta":{"footnotes":""},"class_list":["post-4955","page","type-page","status-publish","hentry"],"_links":{"self":[{"href":"https:\/\/asbaeck.at\/praxis\/wp-json\/wp\/v2\/pages\/4955","targetHints":{"allow":["GET"]}}],"collection":[{"href":"https:\/\/asbaeck.at\/praxis\/wp-json\/wp\/v2\/pages"}],"about":[{"href":"https:\/\/asbaeck.at\/praxis\/wp-json\/wp\/v2\/types\/page"}],"author":[{"embeddable":true,"href":"https:\/\/asbaeck.at\/praxis\/wp-json\/wp\/v2\/users\/4"}],"replies":[{"embeddable":true,"href":"https:\/\/asbaeck.at\/praxis\/wp-json\/wp\/v2\/comments?post=4955"}],"version-history":[{"count":11,"href":"https:\/\/asbaeck.at\/praxis\/wp-json\/wp\/v2\/pages\/4955\/revisions"}],"predecessor-version":[{"id":5204,"href":"https:\/\/asbaeck.at\/praxis\/wp-json\/wp\/v2\/pages\/4955\/revisions\/5204"}],"up":[{"embeddable":true,"href":"https:\/\/asbaeck.at\/praxis\/wp-json\/wp\/v2\/pages\/4938"}],"wp:attachment":[{"href":"https:\/\/asbaeck.at\/praxis\/wp-json\/wp\/v2\/media?parent=4955"}],"curies":[{"name":"wp","href":"https:\/\/api.w.org\/{rel}","templated":true}]}}