{"id":4940,"date":"2012-09-23T23:28:41","date_gmt":"2012-09-23T21:28:41","guid":{"rendered":"http:\/\/hmmc.at\/praxis\/?page_id=4940"},"modified":"2012-10-03T21:16:23","modified_gmt":"2012-10-03T19:16:23","slug":"nobody-is-perfect","status":"publish","type":"page","link":"https:\/\/asbaeck.at\/praxis\/gesundheit\/nobody-is-perfect\/","title":{"rendered":"Nobody is perfect"},"content":{"rendered":"<div class=\"one_half\"><div class=\"callout-wrap\"><span>Sich selbst annehmen hei\u00dft, zu seinen F\u00e4higkeiten stehen, sie auch benennen k\u00f6nnen und wissen, was zufrieden macht. \r\n\r\n<\/span><\/div><!-- end callout-wrap --><br class=\"clear\" \/>\n<p>Es hei\u00dft, seinen K\u00f6rper und seine Signale wahrzunehmen und aus der Sicherheit der K\u00f6rperempfindungen und Gef\u00fchle zu Entscheidungen zu kommen, die einem gut tun. <\/p>\n<p>Im Wissen um die eigenen Ressourcen gelingt es, auch Fehler und Schw\u00e4chen als einen Teil von sich zu verstehen.<\/p>\n<\/div><div class=\"one_half_last\"><div class=\"modern_img_frame modern_portrait_thumb\"><div class=\"modern_preload_portrait_thumb\"><div class=\"attachment-fadeIn\"><img src='https:\/\/asbaeck.at\/praxis\/wp-content\/uploads\/Nobody-275x355.png' alt='' \/><\/div><\/div><\/div><!-- end img_frame --><\/div><br class=\"clear\" \/><p>&nbsp;<\/p>\n","protected":false},"excerpt":{"rendered":"<p>&nbsp;<\/p>\n","protected":false},"author":4,"featured_media":0,"parent":4938,"menu_order":1,"comment_status":"closed","ping_status":"closed","template":"template_leftnav.php","meta":{"footnotes":""},"class_list":["post-4940","page","type-page","status-publish","hentry"],"_links":{"self":[{"href":"https:\/\/asbaeck.at\/praxis\/wp-json\/wp\/v2\/pages\/4940","targetHints":{"allow":["GET"]}}],"collection":[{"href":"https:\/\/asbaeck.at\/praxis\/wp-json\/wp\/v2\/pages"}],"about":[{"href":"https:\/\/asbaeck.at\/praxis\/wp-json\/wp\/v2\/types\/page"}],"author":[{"embeddable":true,"href":"https:\/\/asbaeck.at\/praxis\/wp-json\/wp\/v2\/users\/4"}],"replies":[{"embeddable":true,"href":"https:\/\/asbaeck.at\/praxis\/wp-json\/wp\/v2\/comments?post=4940"}],"version-history":[{"count":20,"href":"https:\/\/asbaeck.at\/praxis\/wp-json\/wp\/v2\/pages\/4940\/revisions"}],"predecessor-version":[{"id":5198,"href":"https:\/\/asbaeck.at\/praxis\/wp-json\/wp\/v2\/pages\/4940\/revisions\/5198"}],"up":[{"embeddable":true,"href":"https:\/\/asbaeck.at\/praxis\/wp-json\/wp\/v2\/pages\/4938"}],"wp:attachment":[{"href":"https:\/\/asbaeck.at\/praxis\/wp-json\/wp\/v2\/media?parent=4940"}],"curies":[{"name":"wp","href":"https:\/\/api.w.org\/{rel}","templated":true}]}}