{"id":4758,"date":"2011-08-29T16:43:17","date_gmt":"2011-08-29T08:43:17","guid":{"rendered":"http:\/\/denzeldesigns.org\/?page_id=4699"},"modified":"2025-01-03T17:47:31","modified_gmt":"2025-01-03T15:47:31","slug":"home","status":"publish","type":"page","link":"https:\/\/asbaeck.at\/praxis\/","title":{"rendered":"Home"},"content":{"rendered":"<div class=\"one_fourth\"><div class=\"modern_img_frame modern_four_col_large\"><div class=\"modern_preload_four_col_large\"><div class=\"attachment-fadeIn\"><a href=\"https:\/\/asbaeck.at\/praxis\/gesundheit\/in-der-ruhe-liegt-die-kraft\/\" target=\"\"><img src='https:\/\/asbaeck.at\/praxis\/wp-content\/themes\/Karma\/truethemes_framework\/extended\/timthumb\/timthumb.php?src=https:\/\/asbaeck.at\/praxis\/wp-content\/uploads\/weitblick.jpg&amp;h=111&amp;w=190' alt='' \/><\/a><\/div><\/div><\/div><!-- end img_frame --><p>In der Ruhe liegt die Kraft<\/p>\n<\/div><div class=\"one_fourth\"><div class=\"modern_img_frame modern_four_col_large\"><div class=\"modern_preload_four_col_large\"><div class=\"attachment-fadeIn\"><a href=\"https:\/\/asbaeck.at\/praxis\/therapie\/\" target=\"\"><img src='https:\/\/asbaeck.at\/praxis\/wp-content\/themes\/Karma\/truethemes_framework\/extended\/timthumb\/timthumb.php?src=https:\/\/asbaeck.at\/praxis\/wp-content\/uploads\/sesselkreis.jpg&amp;h=111&amp;w=190' alt='' \/><\/a><\/div><\/div><\/div><!-- end img_frame --><p>Setting und Schwerpunkte<\/p>\n<\/div><div class=\"one_fourth\"><div class=\"modern_img_frame modern_four_col_large\"><div class=\"modern_preload_four_col_large\"><div class=\"attachment-fadeIn\"><a href=\"https:\/\/asbaeck.at\/praxis\/uebermich\/die-praxis\/\" target=\"\"><img src='https:\/\/asbaeck.at\/praxis\/wp-content\/themes\/Karma\/truethemes_framework\/extended\/timthumb\/timthumb.php?src=https:\/\/asbaeck.at\/praxis\/wp-content\/uploads\/praxis2.jpg&amp;h=111&amp;w=190' alt='' \/><\/a><\/div><\/div><\/div><!-- end img_frame --><p>Die Praxis<\/p>\n<\/div><div class=\"one_fourth_last\"><div class=\"modern_img_frame modern_four_col_large\"><div class=\"modern_preload_four_col_large\"><div class=\"attachment-fadeIn\"><a href=\"https:\/\/asbaeck.at\/praxis\/uebermich\/\" target=\"\"><img src='https:\/\/asbaeck.at\/praxis\/wp-content\/themes\/Karma\/truethemes_framework\/extended\/timthumb\/timthumb.php?src=https:\/\/asbaeck.at\/praxis\/wp-content\/uploads\/haendedruck.jpg&amp;h=111&amp;w=190' alt='' \/><\/a><\/div><\/div><\/div><!-- end img_frame --><p>Mein Credo: Vertrauen und Diskretion<\/p>\n<\/div><br class=\"clear\" \/><div class=\"testimonials\">\n<blockquote><p>Nach meiner Therapie konnte ich bereits nach kurzer Zeit meine Panikattacken und Schlafst\u00f6rungen selbst bew\u00e4ltigen, und heute bin ich frei von k\u00f6rperlichen und mentalen Problemen.<cite>&ndash;H., 47, Manager in der IT-Branche <\/cite><\/p><\/blockquote>\n\n<blockquote><p>Welcome Katharina Asb\u00e4ck in der Glacisstra\u00dfe 9<cite>&ndash;Alexander Kada<\/cite><\/p><\/blockquote>\n<\/div><!-- END testimonials -->","protected":false},"excerpt":{"rendered":"","protected":false},"author":4,"featured_media":0,"parent":0,"menu_order":0,"comment_status":"closed","ping_status":"closed","template":"template-homepage-jquery-2.php","meta":{"footnotes":""},"class_list":["post-4758","page","type-page","status-publish","hentry"],"_links":{"self":[{"href":"https:\/\/asbaeck.at\/praxis\/wp-json\/wp\/v2\/pages\/4758","targetHints":{"allow":["GET"]}}],"collection":[{"href":"https:\/\/asbaeck.at\/praxis\/wp-json\/wp\/v2\/pages"}],"about":[{"href":"https:\/\/asbaeck.at\/praxis\/wp-json\/wp\/v2\/types\/page"}],"author":[{"embeddable":true,"href":"https:\/\/asbaeck.at\/praxis\/wp-json\/wp\/v2\/users\/4"}],"replies":[{"embeddable":true,"href":"https:\/\/asbaeck.at\/praxis\/wp-json\/wp\/v2\/comments?post=4758"}],"version-history":[{"count":43,"href":"https:\/\/asbaeck.at\/praxis\/wp-json\/wp\/v2\/pages\/4758\/revisions"}],"predecessor-version":[{"id":5571,"href":"https:\/\/asbaeck.at\/praxis\/wp-json\/wp\/v2\/pages\/4758\/revisions\/5571"}],"wp:attachment":[{"href":"https:\/\/asbaeck.at\/praxis\/wp-json\/wp\/v2\/media?parent=4758"}],"curies":[{"name":"wp","href":"https:\/\/api.w.org\/{rel}","templated":true}]}}